{"id":15,"date":"2022-12-29T09:18:48","date_gmt":"2022-12-29T09:18:48","guid":{"rendered":"https:\/\/themepanthers.com\/wp\/vankine\/v1\/?page_id=15"},"modified":"2024-10-20T20:41:00","modified_gmt":"2024-10-20T20:41:00","slug":"garantni-fond","status":"publish","type":"page","link":"https:\/\/www.nbocg.me\/en\/garantni-fond\/","title":{"rendered":"Guarantee fund"},"content":{"rendered":"<div data-elementor-type=\"wp-page\" data-elementor-id=\"15\" class=\"elementor elementor-15\" data-elementor-post-type=\"page\">\n\t\t\t\t\t\t<section class=\"elementor-section elementor-top-section elementor-element elementor-element-84164d2 elementor-section-content-middle elementor-section-boxed elementor-section-height-default elementor-section-height-default\" data-id=\"84164d2\" data-element_type=\"section\">\n\t\t\t\t\t\t<div class=\"elementor-container elementor-column-gap-default\">\n\t\t\t\t\t<div class=\"elementor-column elementor-col-100 elementor-top-column elementor-element elementor-element-822e889\" data-id=\"822e889\" data-element_type=\"column\">\n\t\t\t<div class=\"elementor-widget-wrap elementor-element-populated\">\n\t\t\t\t\t\t<div class=\"elementor-element elementor-element-e16304b elementor-widget elementor-widget-vankine-faqs-v1\" data-id=\"e16304b\" data-element_type=\"widget\" data-widget_type=\"vankine-faqs-v1.default\">\n\t\t\t\t<div class=\"elementor-widget-container\">\n\t\t\t \r\n \r\n   <section class=\"block_faq\">\r\n      <div class=\"accordion\">\r\n                    <div class=\"question  faq_header active\">\r\n                <div class=\"question_box\">\r\n                    <div class=\"title_no_a_18 trans\">GUARANTEE FUND<\/div>\r\n                    <span class=\"icon_fq trans fi-rs-arrow-small-right\"><\/span>\r\n                <\/div>\r\n            <\/div>\r\n            <div class=\"answer accordion-content\"   style=\"display:block;\" >\r\n                Guarantee Fund is established to ensure protection of passengers in public transport and third parties when damages were caused by use of uninsured or unidentified vehicles, vehicles insured with insurance company that ceased with its operations, that is being under the liquidation or bankruptcy proceedings as well as claims for damages occurred in the course of accident caused by vehicle insured with a valid green card.\n            <\/div> \r\n                    <div class=\"question  faq_header\">\r\n                <div class=\"question_box\">\r\n                    <div class=\"title_no_a_18 trans\">THE USE OF FINANCIAL MEANS OF GUARANTEE FUND\n<\/div>\r\n                    <span class=\"icon_fq trans fi-rs-arrow-small-right\"><\/span>\r\n                <\/div>\r\n            <\/div>\r\n            <div class=\"answer accordion-content\"  >\r\n                The financial means of Guarantee Fund are used for payment of insured sum, that is, settlement of damages sustained by third parties as defined by the Compulsory Traffic Insurance Law: 1) caused by use of motor vehicle, aircraft, vessel or any other means of transport where compulsory insurance contract has not been signed pursuant to this Law; 2) due to death, bodily injury or impairment of health caused by use of unidentified motor vehicle, aircraft, vessel or any other means of transport; 3) caused by motor vehicle, aircraft, vessel of any other means of transport insured with insurance company that ceased its operations or that is being under liquidation or bankruptcy proceedings; 4) for cases defined in the Articles 34, 38 and 40 of this Law.\n            <\/div> \r\n                    <div class=\"question  faq_header\">\r\n                <div class=\"question_box\">\r\n                    <div class=\"title_no_a_18 trans\">GUARANTEE FUND RECOURSE RIGHT\n<\/div>\r\n                    <span class=\"icon_fq trans fi-rs-arrow-small-right\"><\/span>\r\n                <\/div>\r\n            <\/div>\r\n            <div class=\"answer accordion-content\"  >\r\n                Guarantee Fund is liable to recourse paid compensation, interests and other costs against liable party after settlement of damages occurred by use of vehicle without valid motor third party liability contract.            <\/div> \r\n              <\/div>\r\n   <\/section>\r\n \r\n\t\t<\/div>\n\t\t\t\t<\/div>\n\t\t\t\t\t<\/div>\n\t\t<\/div>\n\t\t\t\t\t<\/div>\n\t\t<\/section>\n\t\t\t\t<\/div>","protected":false},"excerpt":{"rendered":"<p>GARANTNI FOND Garantni fond se osniva radi ekonomske za\u0161tite putnika u javnom saobra\u0107aju i tre\u0107ih o\u0161te\u0107enih lica, u slu\u010dajevima kada je \u0161teta pri\u010dinjena upotrebom neosiguranog ili nepoznatog prevoznog sredstva, kao i u slu\u010dajevima kada je dru\u0161tvo za osiguranje kome je oduzeta dozvola za rad i nad kojim je pokrenut postupak ste\u010daja ili likvidacije odgovorno za [&hellip;]<\/p>","protected":false},"author":1,"featured_media":0,"parent":0,"menu_order":0,"comment_status":"closed","ping_status":"closed","template":"template-fullwidth.php","meta":{"footnotes":""},"class_list":["post-15","page","type-page","status-publish","hentry"],"_links":{"self":[{"href":"https:\/\/www.nbocg.me\/en\/wp-json\/wp\/v2\/pages\/15","targetHints":{"allow":["GET"]}}],"collection":[{"href":"https:\/\/www.nbocg.me\/en\/wp-json\/wp\/v2\/pages"}],"about":[{"href":"https:\/\/www.nbocg.me\/en\/wp-json\/wp\/v2\/types\/page"}],"author":[{"embeddable":true,"href":"https:\/\/www.nbocg.me\/en\/wp-json\/wp\/v2\/users\/1"}],"replies":[{"embeddable":true,"href":"https:\/\/www.nbocg.me\/en\/wp-json\/wp\/v2\/comments?post=15"}],"version-history":[{"count":0,"href":"https:\/\/www.nbocg.me\/en\/wp-json\/wp\/v2\/pages\/15\/revisions"}],"wp:attachment":[{"href":"https:\/\/www.nbocg.me\/en\/wp-json\/wp\/v2\/media?parent=15"}],"curies":[{"name":"wp","href":"https:\/\/api.w.org\/{rel}","templated":true}]}}