{"id":2243,"date":"2023-02-01T04:32:34","date_gmt":"2023-02-01T04:32:34","guid":{"rendered":"https:\/\/themepanthers.com\/wp\/vankine\/v1\/?page_id=2243"},"modified":"2025-07-30T10:27:24","modified_gmt":"2025-07-30T10:27:24","slug":"u-slucaju-nezgode","status":"publish","type":"page","link":"https:\/\/www.nbocg.me\/en\/u-slucaju-nezgode\/","title":{"rendered":"In case of accident"},"content":{"rendered":"<div data-elementor-type=\"wp-page\" data-elementor-id=\"2243\" class=\"elementor elementor-2243\" data-elementor-post-type=\"page\">\n\t\t\t\t<div class=\"elementor-element elementor-element-43060a0 e-flex e-con-boxed e-con e-parent\" data-id=\"43060a0\" data-element_type=\"container\">\n\t\t\t\t\t<div class=\"e-con-inner\">\n\t\t\t\t<div class=\"elementor-element elementor-element-0617a19 elementor-widget elementor-widget-text-editor\" data-id=\"0617a19\" data-element_type=\"widget\" data-widget_type=\"text-editor.default\">\n\t\t\t\t<div class=\"elementor-widget-container\">\n\t\t\t\t\t\t\t<div class=\"column mcb-column mcb-item-6bgo69zlz one column_column\"><div class=\"column_attr clearfix align_center\"><p style=\"text-align: center;\"><span style=\"color: #000000;\">Claims forms and settlement in case of accident with a vehicle with :<\/span><\/p><\/div><\/div>\t\t\t\t\t\t<\/div>\n\t\t\t\t<\/div>\n\t\t\t\t\t<\/div>\n\t\t\t\t<\/div>\n\t\t<div class=\"elementor-element elementor-element-103c66e e-flex e-con-boxed e-con e-parent\" data-id=\"103c66e\" data-element_type=\"container\">\n\t\t\t\t\t<div class=\"e-con-inner\">\n\t\t\t\t<div class=\"elementor-element elementor-element-548d51b e-n-tabs-mobile elementor-widget elementor-widget-n-tabs\" data-id=\"548d51b\" data-element_type=\"widget\" data-settings=\"{&quot;horizontal_scroll&quot;:&quot;disable&quot;}\" data-widget_type=\"nested-tabs.default\">\n\t\t\t\t<div class=\"elementor-widget-container\">\n\t\t\t\t\t<div class=\"e-n-tabs\" data-widget-number=\"88659227\" aria-label=\"Tabs. Open items with Enter or Space, close with Escape and navigate using the Arrow keys.\" data-no-translation-aria-label=\"\">\n\t\t\t<div class=\"e-n-tabs-heading\" role=\"tablist\">\n\t\t\t\t\t<button id=\"e-n-tab-title-886592271\" class=\"e-n-tab-title\" aria-selected=\"true\" data-tab-index=\"1\" role=\"tab\" tabindex=\"0\" aria-controls=\"e-n-tab-content-886592271\" style=\"--n-tabs-title-order: 1;\">\n\t\t\t\t\t\t<span class=\"e-n-tab-title-text\">\n\t\t\t\tMontenegro car plates\t\t\t<\/span>\n\t\t<\/button>\n\t\t\t\t<button id=\"e-n-tab-title-886592272\" class=\"e-n-tab-title\" aria-selected=\"false\" data-tab-index=\"2\" role=\"tab\" tabindex=\"-1\" aria-controls=\"e-n-tab-content-886592272\" style=\"--n-tabs-title-order: 2;\">\n\t\t\t\t\t\t<span class=\"e-n-tab-title-text\">\n\t\t\t\tForeign reg. plates\t\t\t<\/span>\n\t\t<\/button>\n\t\t\t\t<button id=\"e-n-tab-title-886592273\" class=\"e-n-tab-title\" aria-selected=\"false\" data-tab-index=\"3\" role=\"tab\" tabindex=\"-1\" aria-controls=\"e-n-tab-content-886592273\" style=\"--n-tabs-title-order: 3;\">\n\t\t\t\t\t\t<span class=\"e-n-tab-title-text\">\n\t\t\t\tUninsured vehicle\t\t\t<\/span>\n\t\t<\/button>\n\t\t\t\t\t<\/div>\n\t\t\t<div class=\"e-n-tabs-content\">\n\t\t\t\t<div id=\"e-n-tab-content-886592271\" role=\"tabpanel\" aria-labelledby=\"e-n-tab-title-886592271\" data-tab-index=\"1\" style=\"--n-tabs-title-order: 1;\" class=\"e-active elementor-element elementor-element-af64c0c e-con-full e-flex e-con e-child\" data-id=\"af64c0c\" data-element_type=\"container\" data-settings=\"{&quot;background_background&quot;:&quot;classic&quot;}\">\n\t\t\t\t<div class=\"elementor-element elementor-element-a9bf9aa elementor-widget elementor-widget-text-editor\" data-id=\"a9bf9aa\" data-element_type=\"widget\" data-widget_type=\"text-editor.default\">\n\t\t\t\t<div class=\"elementor-widget-container\">\n\t\t\t\t\t\t\t<p>You can submit your claim to insurance company that is the insurer of vehicle causing the accident, in its headquarters or branch office.<\/p><p>There are five insurance companies in Montenegro conducting motor third party liability insurance. Please refer below for their contacts.<\/p>\t\t\t\t\t\t<\/div>\n\t\t\t\t<\/div>\n\t\t\t\t<div class=\"elementor-element elementor-element-0e9d647 elementor-widget elementor-widget-vankine-themebtns-v1\" data-id=\"0e9d647\" data-element_type=\"widget\" data-widget_type=\"vankine-themebtns-v1.default\">\n\t\t\t\t<div class=\"elementor-widget-container\">\n\t\t\t                 <div class=\"theme_btn_all\">\r\n            <a href=\"https:\/\/www.nbocg.me\/en\/clanice\/\"   target=\"&quot;_blank&quot;\"  rel=\"&quot;nofollow&quot;\" class=\"theme_btn\">\r\n            \t\r\n              List of insurance companies                                                                                <span><\/span>\r\n                        \t\r\n                \t\r\n                \t\r\n            <\/a>\r\n        <\/div>\r\n        \t\t<\/div>\n\t\t\t\t<\/div>\n\t\t\t\t<\/div>\n\t\t<div id=\"e-n-tab-content-886592272\" role=\"tabpanel\" aria-labelledby=\"e-n-tab-title-886592272\" data-tab-index=\"2\" style=\"--n-tabs-title-order: 2;\" class=\"elementor-element elementor-element-b465d89 e-con-full e-flex e-con e-child\" data-id=\"b465d89\" data-element_type=\"container\" data-settings=\"{&quot;background_background&quot;:&quot;classic&quot;}\">\n\t\t\t\t<div class=\"elementor-element elementor-element-3013e50 elementor-widget elementor-widget-text-editor\" data-id=\"3013e50\" data-element_type=\"widget\" data-widget_type=\"text-editor.default\">\n\t\t\t\t<div class=\"elementor-widget-container\">\n\t\t\t\t\t\t\t<p><span style=\"color: #000000;\">Pursuant to Article 38 of the new Compulsory Traffic Insurance Law (Official Gazette No. 44\/12 dd. 9th August 2012) person, suffering damages caused by use of motor vehicle bearing foreign registration plates, with a valid Green Card, in accident on the territory of Montenegro, submits his\/her claim to either Association \u2013 National Bureau of Montenegro Insurers, insurance company or person\/entity authorized by Association to conduct activities arising from international agreement on insurance of motor vehicle owners against liability for damages caused by use of motor vehicles in the country or abroad. Association \u2013National Bureau of Montenegro Insurers has been accepted as a full member of the Council of Bureaux in Brussels (international organization that coordinates the Green Card System) as of 1st February 2012.\u00a0\u00a0<a style=\"color: #000000;\" href=\"http:\/\/www.cobox.org\/\" target=\"_blank\" rel=\"noopener\">Savjeta Biroa<\/a>\u00a0u Briselu (me\u0111unarodne organizacije koja koordinira rad \u010dlanica Sistema zelene karte) od 01.02.2012. godine.<\/span><\/p><p><span style=\"color: #000000;\">Therefore, in case of accident with a vehicle bearing foreign registration plates you can submit your claim directly to the Association or an insurance company conducting motor third party liability business, which will register claim or instruct you on further proceeding in order for you to compensate the damage. The Association will forward your claim to nominated correspondent of foreign insurer, in line with legal regulative, for further procedure and settlement, or if foreign insurer does not have a nominated correspondent in MNE, your claim will be forwarded to one of insurance companies, Association\u2019s member, bearing in mind conflict of interests<\/span><\/p><div id=\"Content\"><div class=\"content_wrapper clearfix\"><div class=\"sections_group\"><div class=\"entry-content\"><div id=\"intro\" class=\"section mcb-section mcb-section-185378f31\"><div class=\"section_wrapper mcb-section-inner\"><div class=\"wrap mcb-wrap mcb-wrap-854fed2b6 one column-margin-0px valign-top clearfix\"><div class=\"mcb-wrap-inner\"><div class=\"column mcb-column mcb-item-4fcb1b866 one column_tabs\"><div class=\"jq-tabs tabs_wrapper tabs_centered ui-tabs ui-corner-all ui-widget ui-widget-content\"><div id=\"tab-67163b49e12ed-2\" class=\"ui-tabs-panel ui-corner-bottom ui-widget-content\" role=\"tabpanel\" aria-labelledby=\"ui-id-2\" aria-hidden=\"false\"><div class=\"column one-second\"><p><span style=\"color: #000000;\">The precondition for compensation of damages sustained by Montenegro citizens are that the driver of vehicle bearing foreign registration plates is liable for causing the accident and that he\/she is in possession of a valid green card. In order to exercise your right to compensation more efficiently, you should ask the driver of a vehicle bearing foreign registration plates to give you a copy of his\/her Green Card. If a driver does not have a copy, make sure to write down all necessary information of identification document and Green Card and especially the following:<\/span><\/p><ol><li><span style=\"color: #000000;\">Be sure to enter the entire number of the green card, that is, Country (international designation for the country from which the vehicle comes)\/Insurer (numerical code) \/ Number (number of the green card);<\/span><\/li><li><span style=\"color: #000000;\">validity period of the Green Card;<\/span><\/li><li><span style=\"color: #000000;\">name of the Insurer issuing the Green Card;<\/span><\/li><li><span style=\"color: #000000;\">if you are not able to do so it is crucial to copy Green Card presented by other participant or photograph it with your mobile phone.<\/span><\/li><\/ol><p><span style=\"color: #000000;\">The above mentioned recommendations will assist you to compensate your claim as efficiently and quickly as possible.<\/span><\/p><p><span style=\"color: #000000;\">In case a vehicle bearing foreign registration plates had border insurance policy issued by local insurance company, the claim should be submitted to that insurance company.<\/span><\/p><\/div><\/div><\/div><\/div><\/div><\/div><\/div><\/div><\/div><\/div><\/div><\/div>\t\t\t\t\t\t<\/div>\n\t\t\t\t<\/div>\n\t\t\t\t<div class=\"elementor-element elementor-element-0ca473a elementor-widget elementor-widget-vankine-themebtns-v1\" data-id=\"0ca473a\" data-element_type=\"widget\" data-widget_type=\"vankine-themebtns-v1.default\">\n\t\t\t\t<div class=\"elementor-widget-container\">\n\t\t\t                 <div class=\"theme_btn_all\">\r\n            <a href=\"https:\/\/www.nbocg.me\/en\/korespodenti\/\"   target=\"&quot;_blank&quot;\"  rel=\"&quot;nofollow&quot;\" class=\"theme_btn\">\r\n            \t\r\n              Corespodents              \t\r\n            <\/a>\r\n        <\/div>\r\n        \t\t<\/div>\n\t\t\t\t<\/div>\n\t\t\t\t<div class=\"elementor-element elementor-element-73cbc87 elementor-widget elementor-widget-vankine-themebtns-v1\" data-id=\"73cbc87\" data-element_type=\"widget\" data-widget_type=\"vankine-themebtns-v1.default\">\n\t\t\t\t<div class=\"elementor-widget-container\">\n\t\t\t                 <div class=\"theme_btn_all\">\r\n            <a href=\"https:\/\/nbocg.me\/wp-content\/uploads\/2024\/10\/Zahtjev-za-naknadu-stete-Zelena-karta.pdf\"   target=\"&quot;_blank&quot;\"  rel=\"&quot;nofollow&quot;\" class=\"theme_btn\">\r\n            \t\r\n              Request for Green Card claim              \t\r\n            <\/a>\r\n        <\/div>\r\n        \t\t<\/div>\n\t\t\t\t<\/div>\n\t\t\t\t<\/div>\n\t\t<div id=\"e-n-tab-content-886592273\" role=\"tabpanel\" aria-labelledby=\"e-n-tab-title-886592273\" data-tab-index=\"3\" style=\"--n-tabs-title-order: 3;\" class=\"elementor-element elementor-element-04cf403 e-con-full e-flex e-con e-child\" data-id=\"04cf403\" data-element_type=\"container\" data-settings=\"{&quot;background_background&quot;:&quot;classic&quot;}\">\n\t\t\t\t<div class=\"elementor-element elementor-element-02e8e66 elementor-widget elementor-widget-vankine-text-editor-v1\" data-id=\"02e8e66\" data-element_type=\"widget\" data-widget_type=\"vankine-text-editor-v1.default\">\n\t\t\t\t<div class=\"elementor-widget-container\">\n\t\t\t   <div class=\"position-relative position_p_relative\">\r\n        <p><strong>In case of accident with uninsured\nor unknown motor vehicle <\/strong><strong>ili nepoznatim motornim vozilom<\/strong><\/p><hr class=\"no_line\" \/><p>You can submit your compensation claim to the National Bureau of Insurers of Montenegro or one of our insurance companies, which will receive it and forward it to the National Bureau of Insurers for competent resolution.<\/p>    <\/div>\r\n\t\t<\/div>\n\t\t\t\t<\/div>\n\t\t\t\t<div class=\"elementor-element elementor-element-df3e6e1 elementor-widget elementor-widget-vankine-themebtns-v1\" data-id=\"df3e6e1\" data-element_type=\"widget\" data-widget_type=\"vankine-themebtns-v1.default\">\n\t\t\t\t<div class=\"elementor-widget-container\">\n\t\t\t                 <div class=\"theme_btn_all\">\r\n            <a href=\"https:\/\/nbocg.me\/wp-content\/uploads\/2024\/10\/Zahtjev-za-naknadu-stete-iz-garantnog-fonda.pdf\"   target=\"&quot;_blank&quot;\"  rel=\"&quot;nofollow&quot;\" class=\"theme_btn\">\r\n            \t\r\n              Request for compensation from the guarantee fund                                                                                <span><\/span>\r\n                        \t\r\n                \t\r\n                \t\r\n            <\/a>\r\n        <\/div>\r\n        \t\t<\/div>\n\t\t\t\t<\/div>\n\t\t\t\t<div class=\"elementor-element elementor-element-abc4098 elementor-widget elementor-widget-vankine-themebtns-v1\" data-id=\"abc4098\" data-element_type=\"widget\" data-widget_type=\"vankine-themebtns-v1.default\">\n\t\t\t\t<div class=\"elementor-widget-container\">\n\t\t\t                 <div class=\"theme_btn_all\">\r\n            <a href=\"https:\/\/www.nbocg.me\/en\/clanice\/\"   target=\"&quot;_blank&quot;\"  rel=\"&quot;nofollow&quot;\" class=\"theme_btn\">\r\n            \t\r\n              List of insurance companies                                                                                <span><\/span>\r\n                        \t\r\n                \t\r\n                \t\r\n            <\/a>\r\n        <\/div>\r\n        \t\t<\/div>\n\t\t\t\t<\/div>\n\t\t\t\t<\/div>\n\t\t\t\t\t<\/div>\n\t\t<\/div>\n\t\t\t\t<\/div>\n\t\t\t\t<\/div>\n\t\t\t\t\t<\/div>\n\t\t\t\t<\/div>\n\t\t\t\t<\/div>","protected":false},"excerpt":{"rendered":"<p>Prijava i rje\u0161avanje \u0161tete u slu\u010daju sudara sa vozilom : Crnogorske reg.oznake Inostrane reg.oznake Neosigurano\/Nepoznato vozilo Va\u0161 od\u0161tetni zahtjev mo\u017eete dostaviti na nadle\u017eno rje\u0161avanje Nacionalnom birou osigurava\u010da Crne Gore, elektronskim putem, putem po\u0161te ili neposredno. U Crnoj Gori se 5 dru\u0161tava za osiguranje bave poslovima osiguranja od autoodgovornosti i njihove adrese mo\u017eete na\u0107i ni\u017ee. Spisak [&hellip;]<\/p>","protected":false},"author":1,"featured_media":0,"parent":0,"menu_order":0,"comment_status":"closed","ping_status":"closed","template":"template-fullwidth.php","meta":{"footnotes":""},"class_list":["post-2243","page","type-page","status-publish","hentry"],"_links":{"self":[{"href":"https:\/\/www.nbocg.me\/en\/wp-json\/wp\/v2\/pages\/2243","targetHints":{"allow":["GET"]}}],"collection":[{"href":"https:\/\/www.nbocg.me\/en\/wp-json\/wp\/v2\/pages"}],"about":[{"href":"https:\/\/www.nbocg.me\/en\/wp-json\/wp\/v2\/types\/page"}],"author":[{"embeddable":true,"href":"https:\/\/www.nbocg.me\/en\/wp-json\/wp\/v2\/users\/1"}],"replies":[{"embeddable":true,"href":"https:\/\/www.nbocg.me\/en\/wp-json\/wp\/v2\/comments?post=2243"}],"version-history":[{"count":51,"href":"https:\/\/www.nbocg.me\/en\/wp-json\/wp\/v2\/pages\/2243\/revisions"}],"predecessor-version":[{"id":5159,"href":"https:\/\/www.nbocg.me\/en\/wp-json\/wp\/v2\/pages\/2243\/revisions\/5159"}],"wp:attachment":[{"href":"https:\/\/www.nbocg.me\/en\/wp-json\/wp\/v2\/media?parent=2243"}],"curies":[{"name":"wp","href":"https:\/\/api.w.org\/{rel}","templated":true}]}}