{"id":39,"date":"2022-12-29T09:33:57","date_gmt":"2022-12-29T09:33:57","guid":{"rendered":"https:\/\/themepanthers.com\/wp\/vankine\/v1\/?page_id=39"},"modified":"2024-09-30T09:54:12","modified_gmt":"2024-09-30T09:54:12","slug":"blog-style-1","status":"publish","type":"page","link":"https:\/\/www.nbocg.me\/en\/blog-style-1\/","title":{"rendered":"Blog Style 1"},"content":{"rendered":"<div data-elementor-type=\"wp-page\" data-elementor-id=\"39\" class=\"elementor elementor-39\" data-elementor-post-type=\"page\">\n\t\t\t\t\t\t<section class=\"elementor-section elementor-top-section elementor-element elementor-element-121524d elementor-section-boxed elementor-section-height-default elementor-section-height-default\" data-id=\"121524d\" data-element_type=\"section\">\n\t\t\t\t\t\t<div class=\"elementor-container elementor-column-gap-default\">\n\t\t\t\t\t<div class=\"elementor-column elementor-col-100 elementor-top-column elementor-element elementor-element-12ccfaa\" data-id=\"12ccfaa\" data-element_type=\"column\">\n\t\t\t<div class=\"elementor-widget-wrap elementor-element-populated\">\n\t\t\t\t\t\t<div class=\"elementor-element elementor-element-4b8b586 elementor-widget elementor-widget-vankine-blog-v1\" data-id=\"4b8b586\" data-element_type=\"widget\" data-widget_type=\"vankine-blog-v1.default\">\n\t\t\t\t<div class=\"elementor-widget-container\">\n\t\t\t     <section class=\"blog_post position-relative   ajax_posts_enabled\">\r\n        <div class=\"row ajaxcontainer\">\r\n                                                    \t\t\t\t\t\t                        \r\n                        <div class=\"col-xl-6 col-lg-6 col-md-6 col-sm-6  ajax-wrapper\">\r\n                            <div class=\"blog_box type_one trans hover_1_get borenable\">\r\n                                <div class=\"blog_inner trans\">\r\n                                    <div class=\"vertical_text_1\">\r\n                                        <span class=\"date_tm\"><i class=\"fi-rr-calendar\"><\/i> <time class=\"date published\" datetime=\"2026-03-27T08:05:32+00:00\">03\/27\/2026<\/time><\/span>                                    <\/div>\r\n                                                                            <div class=\"image_box trans hover_1\">\r\n                                            <a href=\"https:\/\/www.nbocg.me\/en\/2026\/03\/27\/trziste-osiguranja-u-crnoj-gori-u-2025-rast-premije-pracen-ubrzanim-rastom-steta\/\">\r\n                                                <img decoding=\"async\" class=\"img-fluid trans\" src=\"https:\/\/www.nbocg.me\/wp-content\/uploads\/2026\/03\/5-Konferencija.jpg\" alt=\"Tr\u017ei\u0161te osiguranja u Crnoj Gori u 2025: Rast premije pra\u0107en ubrzanim rastom \u0161teta\" \/>\r\n                                            <\/a>\r\n                                                                                        <div class=\"oh ho_1\"><\/div>\r\n                                            <div class=\"oh ho_2\"><\/div>\r\n                                            <div class=\"oh ho_3\"><\/div>\r\n                                            <div class=\"oh ho_4\"><\/div>\r\n                                        <\/div>\r\n                                                                            <div class=\"content\">\r\n                                            <div class=\"d-flex authour align-items-center\">\r\n                                                <img alt='' src='https:\/\/secure.gravatar.com\/avatar\/331faa024c5b2999010793f747c51a419e19adc2d45d8925033c27ae7870d2de?s=100&#038;d=mm&#038;r=g' srcset='https:\/\/secure.gravatar.com\/avatar\/331faa024c5b2999010793f747c51a419e19adc2d45d8925033c27ae7870d2de?s=200&#038;d=mm&#038;r=g 2x' class='avatar avatar-100 photo' height='100' width='100' \/> \r\n                                                webmaster                                            <\/div>\r\n                                            <h4 class=\"title_22\">\r\n                                                <a href=\"https:\/\/www.nbocg.me\/en\/2026\/03\/27\/trziste-osiguranja-u-crnoj-gori-u-2025-rast-premije-pracen-ubrzanim-rastom-steta\/\">Tr\u017ei\u0161te osiguranja u Crnoj Gori u 2025: Rast premije pra\u0107en ubrzanim rastom \u0161teta<\/a>                                            <\/h4>\r\n                                                                                                                                    <a href=\"https:\/\/www.nbocg.me\/en\/2026\/03\/27\/trziste-osiguranja-u-crnoj-gori-u-2025-rast-premije-pracen-ubrzanim-rastom-steta\/\"  class=\"rd_more\">Read More <i class=\"fi-rr-arrow-small-right\"><\/i><\/a>\r\n                                        <\/div>\r\n                                    <\/div>\r\n                                <\/div>\r\n                            <\/div>\r\n                                          \r\n                                                                                    \r\n\t\r\n                                        \t\t\t\t\t\t                        \r\n                        <div class=\"col-xl-6 col-lg-6 col-md-6 col-sm-6  ajax-wrapper\">\r\n                            <div class=\"blog_box type_one trans hover_1_get borenable\">\r\n                                <div class=\"blog_inner trans\">\r\n                                    <div class=\"vertical_text_1\">\r\n                                        <span class=\"date_tm\"><i class=\"fi-rr-calendar\"><\/i> <time class=\"date published\" datetime=\"2025-03-25T12:19:22+00:00\">03\/25\/2025<\/time><\/span>                                    <\/div>\r\n                                                                            <div class=\"image_box trans hover_1\">\r\n                                            <a href=\"https:\/\/www.nbocg.me\/en\/2025\/03\/25\/uspjesno-zavrseni-iii-crnogorski-dani-osiguranja\/\">\r\n                                                <img decoding=\"async\" class=\"img-fluid trans\" src=\"https:\/\/www.nbocg.me\/wp-content\/uploads\/2025\/03\/01_1.jpg\" alt=\"Uspje\u0161no zavr\u0161eni III Crnogorski dani osiguranja\" \/>\r\n                                            <\/a>\r\n                                                                                        <div class=\"oh ho_1\"><\/div>\r\n                                            <div class=\"oh ho_2\"><\/div>\r\n                                            <div class=\"oh ho_3\"><\/div>\r\n                                            <div class=\"oh ho_4\"><\/div>\r\n                                        <\/div>\r\n                                                                            <div class=\"content\">\r\n                                            <div class=\"d-flex authour align-items-center\">\r\n                                                <img alt='' src='https:\/\/secure.gravatar.com\/avatar\/331faa024c5b2999010793f747c51a419e19adc2d45d8925033c27ae7870d2de?s=100&#038;d=mm&#038;r=g' srcset='https:\/\/secure.gravatar.com\/avatar\/331faa024c5b2999010793f747c51a419e19adc2d45d8925033c27ae7870d2de?s=200&#038;d=mm&#038;r=g 2x' class='avatar avatar-100 photo' height='100' width='100' \/> \r\n                                                webmaster                                            <\/div>\r\n                                            <h4 class=\"title_22\">\r\n                                                <a href=\"https:\/\/www.nbocg.me\/en\/2025\/03\/25\/uspjesno-zavrseni-iii-crnogorski-dani-osiguranja\/\">Uspje\u0161no zavr\u0161eni III Crnogorski dani osiguranja<\/a>                                            <\/h4>\r\n                                                                                                                                    <a href=\"https:\/\/www.nbocg.me\/en\/2025\/03\/25\/uspjesno-zavrseni-iii-crnogorski-dani-osiguranja\/\"  class=\"rd_more\">Read More <i class=\"fi-rr-arrow-small-right\"><\/i><\/a>\r\n                                        <\/div>\r\n                                    <\/div>\r\n                                <\/div>\r\n                            <\/div>\r\n                                          \r\n                                                                                    \r\n\t\r\n                                        \t\t\t\t\t\t                        \r\n                        <div class=\"col-xl-6 col-lg-6 col-md-6 col-sm-6  ajax-wrapper\">\r\n                            <div class=\"blog_box type_one trans hover_1_get borenable\">\r\n                                <div class=\"blog_inner trans\">\r\n                                    <div class=\"vertical_text_1\">\r\n                                        <span class=\"date_tm\"><i class=\"fi-rr-calendar\"><\/i> <time class=\"date published\" datetime=\"2025-03-14T21:51:36+00:00\">03\/14\/2025<\/time><\/span>                                    <\/div>\r\n                                                                            <div class=\"image_box trans hover_1\">\r\n                                            <a href=\"https:\/\/www.nbocg.me\/en\/2025\/03\/14\/iii-crnogorski-dani-osiguranja\/\">\r\n                                                <img decoding=\"async\" class=\"img-fluid trans\" src=\"https:\/\/www.nbocg.me\/wp-content\/uploads\/2025\/03\/III-CG-dani-2025-v3.png\" alt=\"III CRNOGORSKI DANI OSIGURANJA\" \/>\r\n                                            <\/a>\r\n                                                                                        <div class=\"oh ho_1\"><\/div>\r\n                                            <div class=\"oh ho_2\"><\/div>\r\n                                            <div class=\"oh ho_3\"><\/div>\r\n                                            <div class=\"oh ho_4\"><\/div>\r\n                                        <\/div>\r\n                                                                            <div class=\"content\">\r\n                                            <div class=\"d-flex authour align-items-center\">\r\n                                                <img alt='' src='https:\/\/secure.gravatar.com\/avatar\/331faa024c5b2999010793f747c51a419e19adc2d45d8925033c27ae7870d2de?s=100&#038;d=mm&#038;r=g' srcset='https:\/\/secure.gravatar.com\/avatar\/331faa024c5b2999010793f747c51a419e19adc2d45d8925033c27ae7870d2de?s=200&#038;d=mm&#038;r=g 2x' class='avatar avatar-100 photo' height='100' width='100' \/> \r\n                                                webmaster                                            <\/div>\r\n                                            <h4 class=\"title_22\">\r\n                                                <a href=\"https:\/\/www.nbocg.me\/en\/2025\/03\/14\/iii-crnogorski-dani-osiguranja\/\">III CRNOGORSKI DANI OSIGURANJA<\/a>                                            <\/h4>\r\n                                                                                                                                    <a href=\"https:\/\/www.nbocg.me\/en\/2025\/03\/14\/iii-crnogorski-dani-osiguranja\/\"  class=\"rd_more\">Read More <i class=\"fi-rr-arrow-small-right\"><\/i><\/a>\r\n                                        <\/div>\r\n                                    <\/div>\r\n                                <\/div>\r\n                            <\/div>\r\n                                          \r\n                                                                                    \r\n\t\r\n                                        \t\t\t\t\t\t                        \r\n                        <div class=\"col-xl-6 col-lg-6 col-md-6 col-sm-6  ajax-wrapper\">\r\n                            <div class=\"blog_box type_one trans hover_1_get borenable\">\r\n                                <div class=\"blog_inner trans\">\r\n                                    <div class=\"vertical_text_1\">\r\n                                        <span class=\"date_tm\"><i class=\"fi-rr-calendar\"><\/i> <time class=\"date published\" datetime=\"2025-01-01T00:37:47+00:00\">01\/01\/2025<\/time><\/span>                                    <\/div>\r\n                                                                            <div class=\"image_box trans hover_1\">\r\n                                            <a href=\"https:\/\/www.nbocg.me\/en\/2025\/01\/01\/obavjestenje-o-neradnim-danima\/\">\r\n                                                <img decoding=\"async\" class=\"img-fluid trans\" src=\"https:\/\/www.nbocg.me\/wp-content\/uploads\/2025\/01\/NBOCG2025.jpg\" alt=\"OBAVJE\u0160TENJE O NERADNIM DANIMA\" \/>\r\n                                            <\/a>\r\n                                                                                        <div class=\"oh ho_1\"><\/div>\r\n                                            <div class=\"oh ho_2\"><\/div>\r\n                                            <div class=\"oh ho_3\"><\/div>\r\n                                            <div class=\"oh ho_4\"><\/div>\r\n                                        <\/div>\r\n                                                                            <div class=\"content\">\r\n                                            <div class=\"d-flex authour align-items-center\">\r\n                                                <img alt='' src='https:\/\/secure.gravatar.com\/avatar\/331faa024c5b2999010793f747c51a419e19adc2d45d8925033c27ae7870d2de?s=100&#038;d=mm&#038;r=g' srcset='https:\/\/secure.gravatar.com\/avatar\/331faa024c5b2999010793f747c51a419e19adc2d45d8925033c27ae7870d2de?s=200&#038;d=mm&#038;r=g 2x' class='avatar avatar-100 photo' height='100' width='100' \/> \r\n                                                webmaster                                            <\/div>\r\n                                            <h4 class=\"title_22\">\r\n                                                <a href=\"https:\/\/www.nbocg.me\/en\/2025\/01\/01\/obavjestenje-o-neradnim-danima\/\">OBAVJE\u0160TENJE O NERADNIM DANIMA<\/a>                                            <\/h4>\r\n                                                                                                                                    <a href=\"https:\/\/www.nbocg.me\/en\/2025\/01\/01\/obavjestenje-o-neradnim-danima\/\"  class=\"rd_more\">Read More <i class=\"fi-rr-arrow-small-right\"><\/i><\/a>\r\n                                        <\/div>\r\n                                    <\/div>\r\n                                <\/div>\r\n                            <\/div>\r\n                                          \r\n                                                                                    \r\n\t\r\n                                        \t\t\t\t\t\t                        \r\n                        <div class=\"col-xl-6 col-lg-6 col-md-6 col-sm-6  ajax-wrapper\">\r\n                            <div class=\"blog_box type_one trans hover_1_get borenable\">\r\n                                <div class=\"blog_inner trans\">\r\n                                    <div class=\"vertical_text_1\">\r\n                                        <span class=\"date_tm\"><i class=\"fi-rr-calendar\"><\/i> <time class=\"date published\" datetime=\"2024-12-30T15:14:43+00:00\">12\/30\/2024<\/time><\/span>                                    <\/div>\r\n                                                                            <div class=\"image_box trans hover_1\">\r\n                                            <a href=\"https:\/\/www.nbocg.me\/en\/2024\/12\/30\/priznavanje-zelenih-kartona-u-elektronskoj-verziji\/\">\r\n                                                <img decoding=\"async\" class=\"img-fluid trans\" src=\"https:\/\/www.nbocg.me\/wp-content\/uploads\/2023\/06\/nbocg-logo-back.jpg\" alt=\"Priznavanje zelenih kartona u elektronskoj verziji\" \/>\r\n                                            <\/a>\r\n                                                                                        <div class=\"oh ho_1\"><\/div>\r\n                                            <div class=\"oh ho_2\"><\/div>\r\n                                            <div class=\"oh ho_3\"><\/div>\r\n                                            <div class=\"oh ho_4\"><\/div>\r\n                                        <\/div>\r\n                                                                            <div class=\"content\">\r\n                                            <div class=\"d-flex authour align-items-center\">\r\n                                                <img alt='' src='https:\/\/secure.gravatar.com\/avatar\/331faa024c5b2999010793f747c51a419e19adc2d45d8925033c27ae7870d2de?s=100&#038;d=mm&#038;r=g' srcset='https:\/\/secure.gravatar.com\/avatar\/331faa024c5b2999010793f747c51a419e19adc2d45d8925033c27ae7870d2de?s=200&#038;d=mm&#038;r=g 2x' class='avatar avatar-100 photo' height='100' width='100' \/> \r\n                                                webmaster                                            <\/div>\r\n                                            <h4 class=\"title_22\">\r\n                                                <a href=\"https:\/\/www.nbocg.me\/en\/2024\/12\/30\/priznavanje-zelenih-kartona-u-elektronskoj-verziji\/\">Priznavanje zelenih kartona u elektronskoj verziji<\/a>                                            <\/h4>\r\n                                                                                                                                    <a href=\"https:\/\/www.nbocg.me\/en\/2024\/12\/30\/priznavanje-zelenih-kartona-u-elektronskoj-verziji\/\"  class=\"rd_more\">Read More <i class=\"fi-rr-arrow-small-right\"><\/i><\/a>\r\n                                        <\/div>\r\n                                    <\/div>\r\n                                <\/div>\r\n                            <\/div>\r\n                                          \r\n                                                                                    \r\n\t\r\n                                        \t\t\t\t\t\t                        \r\n                        <div class=\"col-xl-6 col-lg-6 col-md-6 col-sm-6  ajax-wrapper\">\r\n                            <div class=\"blog_box type_one trans hover_1_get borenable\">\r\n                                <div class=\"blog_inner trans\">\r\n                                    <div class=\"vertical_text_1\">\r\n                                        <span class=\"date_tm\"><i class=\"fi-rr-calendar\"><\/i> <time class=\"date published\" datetime=\"2024-11-30T15:13:00+00:00\">11\/30\/2024<\/time><\/span>                                    <\/div>\r\n                                                                            <div class=\"image_box trans hover_1\">\r\n                                            <a href=\"https:\/\/www.nbocg.me\/en\/2024\/11\/30\/25-regionalni-sastanak-jugo-istocne-grupe-biroa-sistema-zelene-karte\/\">\r\n                                                <img decoding=\"async\" class=\"img-fluid trans\" src=\"https:\/\/www.nbocg.me\/wp-content\/uploads\/2024\/11\/IMG_9728.jpg\" alt=\"25. regionalni sastanak Jugo-isto\u010dne grupe Biroa Sistema zelene karte\" \/>\r\n                                            <\/a>\r\n                                                                                        <div class=\"oh ho_1\"><\/div>\r\n                                            <div class=\"oh ho_2\"><\/div>\r\n                                            <div class=\"oh ho_3\"><\/div>\r\n                                            <div class=\"oh ho_4\"><\/div>\r\n                                        <\/div>\r\n                                                                            <div class=\"content\">\r\n                                            <div class=\"d-flex authour align-items-center\">\r\n                                                <img alt='' src='https:\/\/secure.gravatar.com\/avatar\/331faa024c5b2999010793f747c51a419e19adc2d45d8925033c27ae7870d2de?s=100&#038;d=mm&#038;r=g' srcset='https:\/\/secure.gravatar.com\/avatar\/331faa024c5b2999010793f747c51a419e19adc2d45d8925033c27ae7870d2de?s=200&#038;d=mm&#038;r=g 2x' class='avatar avatar-100 photo' height='100' width='100' \/> \r\n                                                webmaster                                            <\/div>\r\n                                            <h4 class=\"title_22\">\r\n                                                <a href=\"https:\/\/www.nbocg.me\/en\/2024\/11\/30\/25-regionalni-sastanak-jugo-istocne-grupe-biroa-sistema-zelene-karte\/\">25. regionalni sastanak Jugo-isto\u010dne grupe Biroa Sistema zelene karte<\/a>                                            <\/h4>\r\n                                                                                                                                    <a href=\"https:\/\/www.nbocg.me\/en\/2024\/11\/30\/25-regionalni-sastanak-jugo-istocne-grupe-biroa-sistema-zelene-karte\/\"  class=\"rd_more\">Read More <i class=\"fi-rr-arrow-small-right\"><\/i><\/a>\r\n                                        <\/div>\r\n                                    <\/div>\r\n                                <\/div>\r\n                            <\/div>\r\n                                          \r\n                                                                                    \r\n\t\r\n                                                        <\/div>\r\n    <!--End tab-content-->\r\n            <div class=\"row\">\r\n            <div class=\"col-lg-12\">\r\n                <div class=\"pagination_blog pagination-area pagination\">\r\n                \r\n                    <span aria-current=\"page\" class=\"page-numbers current\">1<\/span>\n<a class=\"page-numbers\" href=\"https:\/\/www.nbocg.me\/en\/wp-json\/wp\/v2\/pages\/39\/page\/2\/\">2<\/a>\n<a class=\"page-numbers\" href=\"https:\/\/www.nbocg.me\/en\/wp-json\/wp\/v2\/pages\/39\/page\/3\/\">3<\/a>\n<span class=\"page-numbers dots\">&hellip;<\/span>\n<a class=\"page-numbers\" href=\"https:\/\/www.nbocg.me\/en\/wp-json\/wp\/v2\/pages\/39\/page\/44\/\">44<\/a>\n<a class=\"next page-numbers\" href=\"https:\/\/www.nbocg.me\/en\/wp-json\/wp\/v2\/pages\/39\/page\/2\/\"><span class=\"theme_btn\">Load More<\/span><\/a>          \r\n                <\/div>\r\n            <\/div>     \r\n        <\/div> \r\n      \r\n<\/section>\r\n \r\n        \t\t<\/div>\n\t\t\t\t<\/div>\n\t\t\t\t\t<\/div>\n\t\t<\/div>\n\t\t\t\t\t<\/div>\n\t\t<\/section>\n\t\t\t\t<\/div>","protected":false},"excerpt":{"rendered":"<p>Jan 3, 2023 Bradley R Grady Former insures only the marine perils Sed ut perspiciatis unde omnis iste natus error sit voluptatem&hellip; Read More Jan 3, 2023 Jason P Laforce Insurance covers risk of fire absence Sed ut perspiciatis unde omnis iste natus error sit voluptatem&hellip; Read More Jan 3, 2023 Bradley R Grady Erving [&hellip;]<\/p>","protected":false},"author":1,"featured_media":0,"parent":0,"menu_order":0,"comment_status":"closed","ping_status":"closed","template":"","meta":{"footnotes":""},"class_list":["post-39","page","type-page","status-publish","hentry"],"_links":{"self":[{"href":"https:\/\/www.nbocg.me\/en\/wp-json\/wp\/v2\/pages\/39","targetHints":{"allow":["GET"]}}],"collection":[{"href":"https:\/\/www.nbocg.me\/en\/wp-json\/wp\/v2\/pages"}],"about":[{"href":"https:\/\/www.nbocg.me\/en\/wp-json\/wp\/v2\/types\/page"}],"author":[{"embeddable":true,"href":"https:\/\/www.nbocg.me\/en\/wp-json\/wp\/v2\/users\/1"}],"replies":[{"embeddable":true,"href":"https:\/\/www.nbocg.me\/en\/wp-json\/wp\/v2\/comments?post=39"}],"version-history":[{"count":0,"href":"https:\/\/www.nbocg.me\/en\/wp-json\/wp\/v2\/pages\/39\/revisions"}],"wp:attachment":[{"href":"https:\/\/www.nbocg.me\/en\/wp-json\/wp\/v2\/media?parent=39"}],"curies":[{"name":"wp","href":"https:\/\/api.w.org\/{rel}","templated":true}]}}