{"id":4213,"date":"2024-10-21T20:05:52","date_gmt":"2024-10-21T20:05:52","guid":{"rendered":"https:\/\/www.nbocg.me\/?page_id=4213"},"modified":"2025-10-22T13:56:48","modified_gmt":"2025-10-22T13:56:48","slug":"regulativa","status":"publish","type":"page","link":"https:\/\/www.nbocg.me\/en\/regulativa\/","title":{"rendered":"Regulativa"},"content":{"rendered":"<div data-elementor-type=\"wp-page\" data-elementor-id=\"4213\" class=\"elementor elementor-4213\" data-elementor-post-type=\"page\">\n\t\t\t\t<div class=\"elementor-element elementor-element-bb0d3e9 e-flex e-con-boxed e-con e-parent\" data-id=\"bb0d3e9\" data-element_type=\"container\">\n\t\t\t\t\t<div class=\"e-con-inner\">\n\t\t<div class=\"elementor-element elementor-element-36ba8b7 e-con-full e-flex e-con e-child\" data-id=\"36ba8b7\" data-element_type=\"container\">\n\t\t\t\t<div class=\"elementor-element elementor-element-620132c elementor-widget elementor-widget-heading\" data-id=\"620132c\" data-element_type=\"widget\" data-widget_type=\"heading.default\">\n\t\t\t\t<div class=\"elementor-widget-container\">\n\t\t\t<h2 class=\"elementor-heading-title elementor-size-default\">Laws<\/h2>\t\t<\/div>\n\t\t\t\t<\/div>\n\t\t\t\t<div class=\"elementor-element elementor-element-ed40cc0 elementor-widget elementor-widget-text-editor\" data-id=\"ed40cc0\" data-element_type=\"widget\" data-widget_type=\"text-editor.default\">\n\t\t\t\t<div class=\"elementor-widget-container\">\n\t\t\t\t\t\t\t<p><span style=\"color: #000000;\"><a style=\"color: #000000;\" href=\"https:\/\/www.nbocg.me\/wp-content\/uploads\/2025\/10\/Zakon-o-osiguranju-1.pdf\">Zakon o osiguranju sa izmjenama<\/a><\/span><\/p><p><span style=\"color: #000000;\"><a style=\"color: #000000;\" href=\"https:\/\/www.nbocg.me\/wp-content\/uploads\/2025\/10\/Zakon-o-obaveznom-osiguranju-u-saobracaju.pdf\">Zakon o obaveznom osiguranju u saobra\u0107aju<\/a><\/span><\/p><p><span style=\"color: #000000;\"><a style=\"color: #000000;\" href=\"https:\/\/nbocg.me\/wp-content\/uploads\/2024\/10\/Zakon_o_stecaju_i_likvidaciji_drustava_za_osiguranje.pdf\">Zakon o ste\u010daju i likvidaciji dru\u0161tava za osiguranje<\/a><\/span><\/p><p><span style=\"color: #000000;\"><a style=\"color: #000000;\" href=\"https:\/\/nbocg.me\/wp-content\/uploads\/2024\/10\/Zakon_o_bezbjednosti_saobracaja_na_putevima.pdf\">Zakon o bezbjednosti saobra\u0107aja na putevima<\/a><\/span><\/p><p><span style=\"color: #000000;\"><a style=\"color: #000000;\" href=\"https:\/\/nbocg.me\/wp-content\/uploads\/2024\/10\/zakon_o_porezu_na_prijeme_osiguranja.pdf\">Zakon o porezu na premije osiguranja<\/a><\/span><\/p>\t\t\t\t\t\t<\/div>\n\t\t\t\t<\/div>\n\t\t\t\t<\/div>\n\t\t<div class=\"elementor-element elementor-element-49b81f8 e-con-full e-flex e-con e-child\" data-id=\"49b81f8\" data-element_type=\"container\">\n\t\t\t\t<div class=\"elementor-element elementor-element-22089d0 elementor-widget elementor-widget-heading\" data-id=\"22089d0\" data-element_type=\"widget\" data-widget_type=\"heading.default\">\n\t\t\t\t<div class=\"elementor-widget-container\">\n\t\t\t<h2 class=\"elementor-heading-title elementor-size-default\">Regulations<\/h2>\t\t<\/div>\n\t\t\t\t<\/div>\n\t\t\t\t<div class=\"elementor-element elementor-element-c80c116 elementor-widget elementor-widget-text-editor\" data-id=\"c80c116\" data-element_type=\"widget\" data-widget_type=\"text-editor.default\">\n\t\t\t\t<div class=\"elementor-widget-container\">\n\t\t\t\t\t\t\t<p><span style=\"color: #000000;\"><a style=\"color: #000000;\" href=\"https:\/\/nbocg.me\/wp-content\/uploads\/2024\/10\/Pravilnik-o-dopuni-Pravilnika-o-likvidaciji-steta-GF.pdf\">Pravilnik o dopuni Pravilnika o likvidaciji \u0161teta Garantnog fonda<\/a><\/span><\/p><p><span style=\"color: #000000;\"><a style=\"color: #000000;\" href=\"https:\/\/nbocg.me\/wp-content\/uploads\/2024\/10\/Pravilnik_o_regresu.pdf\">Pravilnik o ostvarivanju regresnih zahtjeva po osnovu ispla\u0107enih naknada \u0161teta iz sredstava Garantnog fonda<\/a><\/span><\/p><p><span style=\"color: #000000;\"><a style=\"color: #000000;\" href=\"https:\/\/nbocg.me\/wp-content\/uploads\/2024\/10\/ProcRjesZahKorekPremijskogRazreda.pdf\">Procedura rjesavanja zahtjeva za korekciju premijskog razreda u informacionom sistemu NBOCG<\/a><\/span><\/p><p><span style=\"color: #000000;\"><a style=\"color: #000000;\" href=\"https:\/\/nbocg.me\/wp-content\/uploads\/2024\/10\/pravilnik_o_steti.pdf\">Pravilnik o likvidaciji \u0161teta Garantnog fonda<\/a><\/span><\/p><p><span style=\"color: #000000;\"><a style=\"color: #000000;\" href=\"https:\/\/nbocg.me\/wp-content\/uploads\/2024\/10\/Sporazum.pdf\">Sporazum<\/a><\/span><\/p><p><span style=\"color: #000000;\"><a style=\"color: #000000;\" href=\"https:\/\/nbocg.me\/wp-content\/uploads\/2024\/10\/Protokol.pdf\">Protokol<\/a><\/span><\/p>\t\t\t\t\t\t<\/div>\n\t\t\t\t<\/div>\n\t\t\t\t<\/div>\n\t\t\t\t\t<\/div>\n\t\t\t\t<\/div>\n\t\t\t\t<\/div>","protected":false},"excerpt":{"rendered":"<p>Zakoni Zakon o osiguranju sa izmjenama Zakon o obaveznom osiguranju u saobra\u0107aju Zakon o ste\u010daju i likvidaciji dru\u0161tava za osiguranje Zakon o bezbjednosti saobra\u0107aja na putevima Zakon o porezu na premije osiguranja Pravilnici Pravilnik o dopuni Pravilnika o likvidaciji \u0161teta Garantnog fonda Pravilnik o ostvarivanju regresnih zahtjeva po osnovu ispla\u0107enih naknada \u0161teta iz sredstava Garantnog [&hellip;]<\/p>","protected":false},"author":1,"featured_media":0,"parent":0,"menu_order":0,"comment_status":"closed","ping_status":"closed","template":"elementor_header_footer","meta":{"footnotes":""},"class_list":["post-4213","page","type-page","status-publish","hentry"],"_links":{"self":[{"href":"https:\/\/www.nbocg.me\/en\/wp-json\/wp\/v2\/pages\/4213","targetHints":{"allow":["GET"]}}],"collection":[{"href":"https:\/\/www.nbocg.me\/en\/wp-json\/wp\/v2\/pages"}],"about":[{"href":"https:\/\/www.nbocg.me\/en\/wp-json\/wp\/v2\/types\/page"}],"author":[{"embeddable":true,"href":"https:\/\/www.nbocg.me\/en\/wp-json\/wp\/v2\/users\/1"}],"replies":[{"embeddable":true,"href":"https:\/\/www.nbocg.me\/en\/wp-json\/wp\/v2\/comments?post=4213"}],"version-history":[{"count":22,"href":"https:\/\/www.nbocg.me\/en\/wp-json\/wp\/v2\/pages\/4213\/revisions"}],"predecessor-version":[{"id":5174,"href":"https:\/\/www.nbocg.me\/en\/wp-json\/wp\/v2\/pages\/4213\/revisions\/5174"}],"wp:attachment":[{"href":"https:\/\/www.nbocg.me\/en\/wp-json\/wp\/v2\/media?parent=4213"}],"curies":[{"name":"wp","href":"https:\/\/api.w.org\/{rel}","templated":true}]}}